{"id":1931,"date":"2022-03-14T08:56:00","date_gmt":"2022-03-14T08:56:00","guid":{"rendered":"http:\/\/ja.sfdiabete.org\/?page_id=1931"},"modified":"2022-03-14T09:17:44","modified_gmt":"2022-03-14T09:17:44","slug":"ja-2021-archives","status":"publish","type":"page","link":"http:\/\/ja.sfdiabete.org\/index.php\/ja-2021-archives\/","title":{"rendered":"JA &#8211; 2021 ARCHIVES"},"content":{"rendered":"<p>[et_pb_section fb_built=\u00a0\u00bb1&Prime; custom_padding_last_edited=\u00a0\u00bbon|desktop\u00a0\u00bb admin_label=\u00a0\u00bbsection\u00a0\u00bb _builder_version=\u00a0\u00bb3.22&Prime; use_background_color_gradient=\u00a0\u00bbon\u00a0\u00bb background_color_gradient_start=\u00a0\u00bb#e02b20&Prime; background_color_gradient_end=\u00a0\u00bb#f79533&Prime; background_color_gradient_direction=\u00a0\u00bb233deg\u00a0\u00bb background_color_gradient_start_position=\u00a0\u00bb20%\u00a0\u00bb custom_padding=\u00a0\u00bb9px|0px|0|0px|false|false\u00a0\u00bb custom_padding_tablet=\u00a0\u00bb50px|0|50px|0&Prime; custom_padding_phone=\u00a0\u00bb\u00a0\u00bb transparent_background=\u00a0\u00bboff\u00a0\u00bb][et_pb_row column_padding_mobile=\u00a0\u00bbon\u00a0\u00bb admin_label=\u00a0\u00bbLigne\u00a0\u00bb _builder_version=\u00a0\u00bb3.25&Prime; background_size=\u00a0\u00bbinitial\u00a0\u00bb background_position=\u00a0\u00bbtop_left\u00a0\u00bb background_repeat=\u00a0\u00bbrepeat\u00a0\u00bb custom_padding=\u00a0\u00bb24.1719px|0px|12px|0px|false|false\u00a0\u00bb][et_pb_column type=\u00a0\u00bb4_4&Prime; _builder_version=\u00a0\u00bb3.25&Prime; custom_padding=\u00a0\u00bb|||\u00a0\u00bb custom_padding__hover=\u00a0\u00bb|||\u00a0\u00bb][et_pb_text _builder_version=\u00a0\u00bb4.9.7&Prime; header_font=\u00a0\u00bb||||||||\u00a0\u00bb header_text_color=\u00a0\u00bb#ffffff\u00a0\u00bb header_font_size=\u00a0\u00bb48px\u00a0\u00bb header_2_font=\u00a0\u00bb||||||||\u00a0\u00bb header_2_text_align=\u00a0\u00bbcenter\u00a0\u00bb header_2_text_color=\u00a0\u00bb#ffffff\u00a0\u00bb header_2_font_size=\u00a0\u00bb33px\u00a0\u00bb hover_enabled=\u00a0\u00bb0&Prime; sticky_enabled=\u00a0\u00bb0&Prime;]<\/p>\n<h2>EDITION 2021<\/h2>\n<p>[\/et_pb_text][\/et_pb_column][\/et_pb_row][\/et_pb_section][et_pb_section fb_built=\u00a0\u00bb1&Prime; admin_label=\u00a0\u00bbsection\u00a0\u00bb _builder_version=\u00a0\u00bb3.22&Prime;][et_pb_row admin_label=\u00a0\u00bbrow\u00a0\u00bb _builder_version=\u00a0\u00bb3.25&Prime; background_size=\u00a0\u00bbinitial\u00a0\u00bb background_position=\u00a0\u00bbtop_left\u00a0\u00bb background_repeat=\u00a0\u00bbrepeat\u00a0\u00bb custom_padding=\u00a0\u00bb0|0px|24.1719px|0px|false|false\u00a0\u00bb][et_pb_column type=\u00a0\u00bb4_4&Prime; _builder_version=\u00a0\u00bb3.25&Prime; custom_padding=\u00a0\u00bb|||\u00a0\u00bb custom_padding__hover=\u00a0\u00bb|||\u00a0\u00bb][et_pb_text admin_label=\u00a0\u00bbedito\u00a0\u00bb _builder_version=\u00a0\u00bb4.9.7&Prime; background_size=\u00a0\u00bbinitial\u00a0\u00bb background_position=\u00a0\u00bbtop_left\u00a0\u00bb background_repeat=\u00a0\u00bbrepeat\u00a0\u00bb use_border_color=\u00a0\u00bboff\u00a0\u00bb border_color=\u00a0\u00bb#ffffff\u00a0\u00bb border_style=\u00a0\u00bbsolid\u00a0\u00bb]Le 20 novembre 2020, nous avions pr\u00e9vu de nous retrouver pour notre Journ\u00e9e d\u2019Automne au Creusot!<br \/>\nLa crise COVID 19 en a d\u00e9cid\u00e9 autrement !<br \/>\nCe sera donc avec beaucoup de fiert\u00e9 et d\u2019\u00e9motion que nous vous accueillerons en pr\u00e9sentiel le 5 NOVEMBRE prochain pour cette nouvelle \u00e9dition! Ce sera une journ\u00e9e tout en mouvement! Une journ\u00e9e o\u00f9 la valeur du travail d\u2019\u00e9quipe, de la multidisciplinarit\u00e9 qui nous animent, qui font notre richesse dans le domaine de la diab\u00e9tologie et qui tous les jours permettent une meilleure prise en charge de nos patients, seront mis \u00e0 l\u2019honneur!<br \/>\n\u00ab Diab\u00e8te de l\u2019enfant\/ Diab\u00e8te en mouvement \u00bb est le th\u00e8me choisi par notre Conseil Scientifique pour cette nouvelle \u00e9dition de notre Journ\u00e9e d\u2019Automne.<br \/>\nCe seront des retours d\u2019exp\u00e9rience, des t\u00e9moignages qui vous seront pr\u00e9sent\u00e9s, ainsi que des outils pour faciliter le parcours scolaire de l\u2019enfant diab\u00e9tique. L\u2019activit\u00e9 physique sera \u00e9galement au c\u0153ur de cette journ\u00e9e o\u00f9 nous parlerons bien entendu de l\u2019activit\u00e9 physique sur ordonnance.<br \/>\nCette ann\u00e9e, Le Creusot a accueilli le tour de France : la Journ\u00e9e d\u2019Automne de la SFD Param\u00e9dical, elle, accueillera un sportif diab\u00e9tique de haut niveau qui nous rapportera son v\u00e9cu \u00e0 travers le sport.<br \/>\nLes nouvelles technologies sont en plein mouvement : \u00ab La boucle ferm\u00e9e \u00bb fait bouger nos pratiques de soignants, nous allons donc pouvoir \u00e9changer sur ce sujet !<br \/>\nCe sera \u00e9galement l\u2019occasion de c\u00e9l\u00e9brer les 100 ans de l\u2019insuline !<br \/>\nCette ann\u00e9e l\u2019espace associatif, accueillera les \u00e9tudiants de l\u2019IFSI de la Communaut\u00e9 Urbaine Le Creusot Montceau les Mines qui auront \u00e0 c\u0153ur de vous pr\u00e9senter leurs travaux dans le domaine de la diab\u00e9tologie ainsi que les \u00e9tudiants STAPS du Creusot qui vous proposeront des pauses dynamiques !<br \/>\nNous vous attendons donc nombreux le 5 Novembre 2021 au Creusot pour cette journ\u00e9e d\u2019Automne tout en mouvement !<br \/>\nA tr\u00e8s bient\u00f4t<br \/>\nPrenez soin de vous,[\/et_pb_text][\/et_pb_column][\/et_pb_row][\/et_pb_section][et_pb_section fb_built=\u00a0\u00bb1&Prime; custom_padding_last_edited=\u00a0\u00bbon|desktop\u00a0\u00bb admin_label=\u00a0\u00bbSection\u00a0\u00bb _builder_version=\u00a0\u00bb3.22&Prime; custom_padding=\u00a0\u00bb0|0px|54px|0px|false|false\u00a0\u00bb custom_padding_tablet=\u00a0\u00bb50px|0|50px|0&Prime; custom_padding_phone=\u00a0\u00bb\u00a0\u00bb transparent_background=\u00a0\u00bboff\u00a0\u00bb][et_pb_row _builder_version=\u00a0\u00bb4.9.2&Prime; _module_preset=\u00a0\u00bbdefault\u00a0\u00bb][et_pb_column type=\u00a0\u00bb4_4&Prime; _builder_version=\u00a0\u00bb4.9.2&Prime; _module_preset=\u00a0\u00bbdefault\u00a0\u00bb][et_pb_text admin_label=\u00a0\u00bbprogramme\u00a0\u00bb _builder_version=\u00a0\u00bb4.9.7&Prime; background_size=\u00a0\u00bbinitial\u00a0\u00bb background_position=\u00a0\u00bbtop_left\u00a0\u00bb background_repeat=\u00a0\u00bbrepeat\u00a0\u00bb use_border_color=\u00a0\u00bboff\u00a0\u00bb border_color=\u00a0\u00bb#ffffff\u00a0\u00bb border_style=\u00a0\u00bbsolid\u00a0\u00bb]<\/p>\n<h2>Programme du 5 novembre 2021<\/h2>\n<hr \/>\n<h4>MATIN\u00c9E &#8211; 08H45 &#8211; 12H45 : Le diab\u00e8te \u00e0 l\u2019\u00e9cole<\/h4>\n<p><em>Mod\u00e9ratrices : Fran\u00e7oise Arbones,\u00a0<\/em><em>Yasmina Serradj<\/em><\/p>\n<hr \/>\n<p><strong>8h45 : Ouverture par Annie Vannier, Pr\u00e9sidente SFD Param\u00e9dical et\u00a0Pr Charles Thivolet, Pr\u00e9sident SFD<br \/><\/strong><strong><\/strong><strong>9h00 \u2013 <\/strong>Physiopathologie &#8211; <em>Pr Agn\u00e8s Burniat<\/em><br \/><strong>9h30<\/strong>: Diab\u00e9tomobile, une exp\u00e9rience r\u00e9gionale en milieu scolaire &#8211; <em>B\u00e9n\u00e9dicte Kakou<\/em><br \/><strong>10h00 <\/strong>: Remise du prix<br \/>\u2022 \u00ab InitiatiV&rsquo;diab\u00e8te \u00bb LIFESCAN<\/p>\n<p><strong>10h30 : Pause<\/strong> &#8211; visite de l\u2019exposition (Alto)<\/p>\n<p><strong>11h15 :\u00a0<\/strong> R\u00e9sultats de l\u2019enqu\u00eate nationale du diab\u00e8te de type 1 \u00e0 l\u2019\u00e9cole et nouvelles<br \/>recommandations &#8211; <em>Carine Choleau<\/em><br \/><strong>12h15 :\u00a0<\/strong>La vie de l\u2019association &#8211; <em>Annie Vannier<\/em><\/p>\n<p><strong>12h30: Pause d\u00e9jeuner <\/strong>\u00a0&#8211; visite de l\u2019exposition (Alto)<\/p>\n<hr \/>\n<h4>APR\u00c8S-MIDI : 14H00 &#8211; 16H30 : Le diab\u00e8te en mouvement<\/h4>\n<p><em>Mod\u00e9rateurs : J\u00e9r\u00f4me Trublet, Chantal Godefroid<\/em><\/p>\n<hr \/>\n<p><strong>14h00\u00a0:<\/strong>La boucle ferm\u00e9e : vers une \u00e9volution de nos pratiques &#8211; <em>Mathilde Malwe<\/em><br \/><strong>14h45<\/strong> : Bougeons ensemble d\u00e8s maintenant &#8211; <em>Laurie Jacquemard<\/em><br \/><strong>14h55<\/strong> : Activit\u00e9 physique pour tous : des bienfaits \u00e0 tout \u00e2ge<br \/>\u2022 Education \u00e0 la sant\u00e9 pour les enfants en milieu scolaire &#8211; <em>Dr Sylvie Loison<\/em><br \/>\u2022 Au niveau des adultes &#8211; <em>Dr<\/em>\u00a0<em>Said Bekka et Mr Hoareau<br \/><\/em><strong>15h30<\/strong>\u00a0: Sport de haut niveau et diab\u00e8te-\u00a0<em>Quentin Valognes<br \/><\/em><strong>15h55<\/strong>\u00a0: Activit\u00e9 physique sur ordonnance \u2013\u00a0<em>Pr Martine Duclos<\/em><\/p>\n<hr \/>\n<p><strong>16h30<\/strong> : Cl\u00f4ture Journ\u00e9e d\u2019Automne 2021<\/p>\n<p>[\/et_pb_text][\/et_pb_column][\/et_pb_row][\/et_pb_section][et_pb_section fb_built=\u00a0\u00bb1&Prime; custom_padding_last_edited=\u00a0\u00bbon|desktop\u00a0\u00bb admin_label=\u00a0\u00bbsection\u00a0\u00bb _builder_version=\u00a0\u00bb3.22&Prime; use_background_color_gradient=\u00a0\u00bbon\u00a0\u00bb background_color_gradient_start=\u00a0\u00bb#e02b20&Prime; background_color_gradient_end=\u00a0\u00bb#f79533&Prime; background_color_gradient_direction=\u00a0\u00bb233deg\u00a0\u00bb background_color_gradient_start_position=\u00a0\u00bb20%\u00a0\u00bb custom_padding=\u00a0\u00bb9px|0px|0|0px|false|false\u00a0\u00bb custom_padding_tablet=\u00a0\u00bb50px|0|50px|0&Prime; custom_padding_phone=\u00a0\u00bb\u00a0\u00bb transparent_background=\u00a0\u00bboff\u00a0\u00bb][et_pb_row padding_mobile=\u00a0\u00bboff\u00a0\u00bb column_padding_mobile=\u00a0\u00bbon\u00a0\u00bb admin_label=\u00a0\u00bbLigne\u00a0\u00bb _builder_version=\u00a0\u00bb3.25&Prime; background_size=\u00a0\u00bbinitial\u00a0\u00bb background_position=\u00a0\u00bbtop_left\u00a0\u00bb background_repeat=\u00a0\u00bbrepeat\u00a0\u00bb][et_pb_column type=\u00a0\u00bb4_4&Prime; _builder_version=\u00a0\u00bb3.25&Prime; custom_padding=\u00a0\u00bb|||\u00a0\u00bb custom_padding__hover=\u00a0\u00bb|||\u00a0\u00bb][et_pb_text admin_label=\u00a0\u00bbpartenaires\u00a0\u00bb _builder_version=\u00a0\u00bb4.9.7&Prime; header_font=\u00a0\u00bb||||||||\u00a0\u00bb header_text_color=\u00a0\u00bb#ffffff\u00a0\u00bb header_font_size=\u00a0\u00bb48px\u00a0\u00bb header_2_font=\u00a0\u00bb||||||||\u00a0\u00bb header_2_text_align=\u00a0\u00bbcenter\u00a0\u00bb header_2_text_color=\u00a0\u00bb#ffffff\u00a0\u00bb header_2_font_size=\u00a0\u00bb33px\u00a0\u00bb]<\/p>\n<h2>PARTENAIRES 2021<\/h2>\n<p>[\/et_pb_text][\/et_pb_column][\/et_pb_row][\/et_pb_section][et_pb_section fb_built=\u00a0\u00bb1&Prime; custom_padding_last_edited=\u00a0\u00bbon|desktop\u00a0\u00bb admin_label=\u00a0\u00bbSection\u00a0\u00bb _builder_version=\u00a0\u00bb3.22&Prime; custom_padding_tablet=\u00a0\u00bb50px|0|50px|0&Prime; custom_padding_phone=\u00a0\u00bb\u00a0\u00bb transparent_background=\u00a0\u00bboff\u00a0\u00bb padding_mobile=\u00a0\u00bboff\u00a0\u00bb][et_pb_row column_padding_mobile=\u00a0\u00bbon\u00a0\u00bb admin_label=\u00a0\u00bbLigne\u00a0\u00bb _builder_version=\u00a0\u00bb3.25&Prime; background_size=\u00a0\u00bbinitial\u00a0\u00bb background_position=\u00a0\u00bbtop_left\u00a0\u00bb background_repeat=\u00a0\u00bbrepeat\u00a0\u00bb custom_padding=\u00a0\u00bb25.6719px|0px|20px|0px|false|false\u00a0\u00bb][et_pb_column type=\u00a0\u00bb4_4&Prime; _builder_version=\u00a0\u00bb3.25&Prime; custom_padding=\u00a0\u00bb|||\u00a0\u00bb custom_padding__hover=\u00a0\u00bb|||\u00a0\u00bb][et_pb_gallery gallery_ids=\u00a0\u00bb1507,1491,723,1010,945,1709,725,1744,1746,1747,1750&Prime; posts_number=\u00a0\u00bb30&Prime; orientation=\u00a0\u00bbportrait\u00a0\u00bb show_title_and_caption=\u00a0\u00bboff\u00a0\u00bb show_pagination=\u00a0\u00bboff\u00a0\u00bb admin_label=\u00a0\u00bbGalerie\u00a0\u00bb _builder_version=\u00a0\u00bb3.19.18&Prime; use_border_color=\u00a0\u00bboff\u00a0\u00bb border_color=\u00a0\u00bb#ffffff\u00a0\u00bb border_style=\u00a0\u00bbsolid\u00a0\u00bb]<\/p>\n<p>\u00a0<\/p>\n<p>[\/et_pb_gallery][\/et_pb_column][\/et_pb_row][et_pb_row _builder_version=\u00a0\u00bb3.25&Prime;][et_pb_column type=\u00a0\u00bb4_4&Prime; _builder_version=\u00a0\u00bb3.25&Prime; custom_padding=\u00a0\u00bb|||\u00a0\u00bb custom_padding__hover=\u00a0\u00bb|||\u00a0\u00bb][et_pb_divider _builder_version=\u00a0\u00bb3.19.18&Prime;][\/et_pb_divider][\/et_pb_column][\/et_pb_row][et_pb_row column_padding_mobile=\u00a0\u00bbon\u00a0\u00bb admin_label=\u00a0\u00bbLigne\u00a0\u00bb _builder_version=\u00a0\u00bb3.25&Prime; background_size=\u00a0\u00bbinitial\u00a0\u00bb background_position=\u00a0\u00bbtop_left\u00a0\u00bb background_repeat=\u00a0\u00bbrepeat\u00a0\u00bb custom_padding=\u00a0\u00bb25.6719px|0px|20px|0px|false|false\u00a0\u00bb][et_pb_column type=\u00a0\u00bb4_4&Prime; _builder_version=\u00a0\u00bb3.25&Prime; custom_padding=\u00a0\u00bb|||\u00a0\u00bb custom_padding__hover=\u00a0\u00bb|||\u00a0\u00bb][et_pb_gallery gallery_ids=\u00a0\u00bb1735,1736,1737,1738,1739&Prime; posts_number=\u00a0\u00bb30&Prime; show_title_and_caption=\u00a0\u00bboff\u00a0\u00bb show_pagination=\u00a0\u00bboff\u00a0\u00bb admin_label=\u00a0\u00bbGalerie\u00a0\u00bb _builder_version=\u00a0\u00bb3.19.18&Prime; use_border_color=\u00a0\u00bboff\u00a0\u00bb border_color=\u00a0\u00bb#ffffff\u00a0\u00bb border_style=\u00a0\u00bbsolid\u00a0\u00bb]<\/p>\n<p>\u00a0<\/p>\n<p>[\/et_pb_gallery][\/et_pb_column][\/et_pb_row][\/et_pb_section]<\/p>\n","protected":false},"excerpt":{"rendered":"<p>[et_pb_section fb_built=\u00a0\u00bb1&Prime; custom_padding_last_edited=\u00a0\u00bbon|desktop\u00a0\u00bb admin_label=\u00a0\u00bbsection\u00a0\u00bb _builder_version=\u00a0\u00bb3.22&Prime; use_background_color_gradient=\u00a0\u00bbon\u00a0\u00bb background_color_gradient_start=\u00a0\u00bb#e02b20&Prime; background_color_gradient_end=\u00a0\u00bb#f79533&Prime; background_color_gradient_direction=\u00a0\u00bb233deg\u00a0\u00bb background_color_gradient_start_position=\u00a0\u00bb20%\u00a0\u00bb custom_padding=\u00a0\u00bb9px|0px|0|0px|false|false\u00a0\u00bb custom_padding_tablet=\u00a0\u00bb50px|0|50px|0&Prime; custom_padding_phone=\u00a0\u00bb\u00a0\u00bb transparent_background=\u00a0\u00bboff\u00a0\u00bb][et_pb_row column_padding_mobile=\u00a0\u00bbon\u00a0\u00bb admin_label=\u00a0\u00bbLigne\u00a0\u00bb _builder_version=\u00a0\u00bb3.25&Prime; background_size=\u00a0\u00bbinitial\u00a0\u00bb background_position=\u00a0\u00bbtop_left\u00a0\u00bb background_repeat=\u00a0\u00bbrepeat\u00a0\u00bb custom_padding=\u00a0\u00bb24.1719px|0px|12px|0px|false|false\u00a0\u00bb][et_pb_column type=\u00a0\u00bb4_4&Prime; _builder_version=\u00a0\u00bb3.25&Prime; custom_padding=\u00a0\u00bb|||\u00a0\u00bb custom_padding__hover=\u00a0\u00bb|||\u00a0\u00bb][et_pb_text _builder_version=\u00a0\u00bb4.9.7&Prime; header_font=\u00a0\u00bb||||||||\u00a0\u00bb header_text_color=\u00a0\u00bb#ffffff\u00a0\u00bb header_font_size=\u00a0\u00bb48px\u00a0\u00bb header_2_font=\u00a0\u00bb||||||||\u00a0\u00bb header_2_text_align=\u00a0\u00bbcenter\u00a0\u00bb header_2_text_color=\u00a0\u00bb#ffffff\u00a0\u00bb header_2_font_size=\u00a0\u00bb33px\u00a0\u00bb hover_enabled=\u00a0\u00bb0&Prime; sticky_enabled=\u00a0\u00bb0&Prime;] EDITION 2021 [\/et_pb_text][\/et_pb_column][\/et_pb_row][\/et_pb_section][et_pb_section fb_built=\u00a0\u00bb1&Prime; admin_label=\u00a0\u00bbsection\u00a0\u00bb _builder_version=\u00a0\u00bb3.22&Prime;][et_pb_row admin_label=\u00a0\u00bbrow\u00a0\u00bb _builder_version=\u00a0\u00bb3.25&Prime; background_size=\u00a0\u00bbinitial\u00a0\u00bb background_position=\u00a0\u00bbtop_left\u00a0\u00bb background_repeat=\u00a0\u00bbrepeat\u00a0\u00bb custom_padding=\u00a0\u00bb0|0px|24.1719px|0px|false|false\u00a0\u00bb][et_pb_column type=\u00a0\u00bb4_4&Prime; _builder_version=\u00a0\u00bb3.25&Prime; custom_padding=\u00a0\u00bb|||\u00a0\u00bb custom_padding__hover=\u00a0\u00bb|||\u00a0\u00bb][et_pb_text admin_label=\u00a0\u00bbedito\u00a0\u00bb _builder_version=\u00a0\u00bb4.9.7&Prime; background_size=\u00a0\u00bbinitial\u00a0\u00bb background_position=\u00a0\u00bbtop_left\u00a0\u00bb [&hellip;]<\/p>\n","protected":false},"author":2,"featured_media":0,"parent":0,"menu_order":0,"comment_status":"closed","ping_status":"closed","template":"","meta":{"_et_pb_use_builder":"on","_et_pb_old_content":"","_et_gb_content_width":"","footnotes":""},"class_list":["post-1931","page","type-page","status-publish","hentry"],"_links":{"self":[{"href":"http:\/\/ja.sfdiabete.org\/index.php\/wp-json\/wp\/v2\/pages\/1931","targetHints":{"allow":["GET"]}}],"collection":[{"href":"http:\/\/ja.sfdiabete.org\/index.php\/wp-json\/wp\/v2\/pages"}],"about":[{"href":"http:\/\/ja.sfdiabete.org\/index.php\/wp-json\/wp\/v2\/types\/page"}],"author":[{"embeddable":true,"href":"http:\/\/ja.sfdiabete.org\/index.php\/wp-json\/wp\/v2\/users\/2"}],"replies":[{"embeddable":true,"href":"http:\/\/ja.sfdiabete.org\/index.php\/wp-json\/wp\/v2\/comments?post=1931"}],"version-history":[{"count":5,"href":"http:\/\/ja.sfdiabete.org\/index.php\/wp-json\/wp\/v2\/pages\/1931\/revisions"}],"predecessor-version":[{"id":1957,"href":"http:\/\/ja.sfdiabete.org\/index.php\/wp-json\/wp\/v2\/pages\/1931\/revisions\/1957"}],"wp:attachment":[{"href":"http:\/\/ja.sfdiabete.org\/index.php\/wp-json\/wp\/v2\/media?parent=1931"}],"curies":[{"name":"wp","href":"https:\/\/api.w.org\/{rel}","templated":true}]}}