{"id":1767,"date":"2021-03-17T10:45:39","date_gmt":"2021-03-17T10:45:39","guid":{"rendered":"http:\/\/ja.sfdiabete.org\/?page_id=1767"},"modified":"2021-03-24T09:03:28","modified_gmt":"2021-03-24T09:03:28","slug":"ja-2020-archives","status":"publish","type":"page","link":"http:\/\/ja.sfdiabete.org\/index.php\/ja-2020-archives\/","title":{"rendered":"JA &#8211; 2020 ARCHIVES"},"content":{"rendered":"<p>[et_pb_section fb_built=\u00a0\u00bb1&Prime; custom_padding_last_edited=\u00a0\u00bbon|desktop\u00a0\u00bb admin_label=\u00a0\u00bbsection\u00a0\u00bb _builder_version=\u00a0\u00bb3.22&Prime; use_background_color_gradient=\u00a0\u00bbon\u00a0\u00bb background_color_gradient_start=\u00a0\u00bb#e02b20&Prime; background_color_gradient_end=\u00a0\u00bb#f79533&Prime; background_color_gradient_direction=\u00a0\u00bb233deg\u00a0\u00bb background_color_gradient_start_position=\u00a0\u00bb20%\u00a0\u00bb custom_padding=\u00a0\u00bb9px|0px|0|0px|false|false\u00a0\u00bb custom_padding_tablet=\u00a0\u00bb50px|0|50px|0&Prime; custom_padding_phone=\u00a0\u00bb\u00a0\u00bb transparent_background=\u00a0\u00bboff\u00a0\u00bb][et_pb_row column_padding_mobile=\u00a0\u00bbon\u00a0\u00bb admin_label=\u00a0\u00bbLigne\u00a0\u00bb _builder_version=\u00a0\u00bb3.25&Prime; background_size=\u00a0\u00bbinitial\u00a0\u00bb background_position=\u00a0\u00bbtop_left\u00a0\u00bb background_repeat=\u00a0\u00bbrepeat\u00a0\u00bb custom_padding=\u00a0\u00bb24.1719px|0px|12px|0px|false|false\u00a0\u00bb][et_pb_column type=\u00a0\u00bb4_4&Prime; _builder_version=\u00a0\u00bb3.25&Prime; custom_padding=\u00a0\u00bb|||\u00a0\u00bb custom_padding__hover=\u00a0\u00bb|||\u00a0\u00bb][et_pb_text _builder_version=\u00a0\u00bb4.9.2&Prime; header_font=\u00a0\u00bb||||||||\u00a0\u00bb header_text_color=\u00a0\u00bb#ffffff\u00a0\u00bb header_font_size=\u00a0\u00bb48px\u00a0\u00bb header_2_font=\u00a0\u00bb||||||||\u00a0\u00bb header_2_text_align=\u00a0\u00bbcenter\u00a0\u00bb header_2_text_color=\u00a0\u00bb#ffffff\u00a0\u00bb header_2_font_size=\u00a0\u00bb33px\u00a0\u00bb]<\/p>\n<h2>EDITION 2020<\/h2>\n<p>[\/et_pb_text][\/et_pb_column][\/et_pb_row][\/et_pb_section][et_pb_section fb_built=\u00a0\u00bb1&Prime; admin_label=\u00a0\u00bbsection\u00a0\u00bb _builder_version=\u00a0\u00bb3.22&Prime;][et_pb_row admin_label=\u00a0\u00bbrow\u00a0\u00bb _builder_version=\u00a0\u00bb3.25&Prime; background_size=\u00a0\u00bbinitial\u00a0\u00bb background_position=\u00a0\u00bbtop_left\u00a0\u00bb background_repeat=\u00a0\u00bbrepeat\u00a0\u00bb custom_padding=\u00a0\u00bb0|0px|24.1719px|0px|false|false\u00a0\u00bb][et_pb_column type=\u00a0\u00bb4_4&Prime; _builder_version=\u00a0\u00bb3.25&Prime; custom_padding=\u00a0\u00bb|||\u00a0\u00bb custom_padding__hover=\u00a0\u00bb|||\u00a0\u00bb][et_pb_text admin_label=\u00a0\u00bbedito\u00a0\u00bb _builder_version=\u00a0\u00bb4.9.2&Prime; background_size=\u00a0\u00bbinitial\u00a0\u00bb background_position=\u00a0\u00bbtop_left\u00a0\u00bb background_repeat=\u00a0\u00bbrepeat\u00a0\u00bb hover_enabled=\u00a0\u00bb0&Prime; use_border_color=\u00a0\u00bboff\u00a0\u00bb border_color=\u00a0\u00bb#ffffff\u00a0\u00bb border_style=\u00a0\u00bbsolid\u00a0\u00bb sticky_enabled=\u00a0\u00bb0&Prime;]<\/p>\n<h2><\/h2>\n<p>&nbsp;<\/p>\n<p><img loading=\"lazy\" decoding=\"async\" src=\"http:\/\/ja.sfdiabete.org\/wp-content\/uploads\/2020\/02\/Header-1.jpg\" width=\"1052\" height=\"701\" alt=\"\" class=\"wp-image-1541 alignleft size-full\" srcset=\"http:\/\/ja.sfdiabete.org\/wp-content\/uploads\/2020\/02\/Header-1.jpg 900w, http:\/\/ja.sfdiabete.org\/wp-content\/uploads\/2020\/02\/Header-1-300x200.jpg 300w, http:\/\/ja.sfdiabete.org\/wp-content\/uploads\/2020\/02\/Header-1-768x512.jpg 768w\" sizes=\"auto, (max-width: 1052px) 100vw, 1052px\" \/><\/p>\n<p>\u00a0<img loading=\"lazy\" decoding=\"async\" src=\"http:\/\/ja.sfdiabete.org\/wp-content\/uploads\/2020\/10\/webconference.png\" width=\"123\" height=\"105\" alt=\"\" class=\"wp-image-1714 alignnone size-full\" srcset=\"http:\/\/ja.sfdiabete.org\/wp-content\/uploads\/2020\/10\/webconference.png 700w, http:\/\/ja.sfdiabete.org\/wp-content\/uploads\/2020\/10\/webconference-300x257.png 300w\" sizes=\"auto, (max-width: 123px) 100vw, 123px\" \/><\/p>\n<h1>Le diab\u00e8te : un subtil \u00e9quilibre<\/h1>\n<p>&nbsp;<\/p>\n<p><b>Le Creusot &#8211; 20 novembre 2020<\/b><\/p>\n<p>&nbsp;<\/p>\n<hr \/>\n<p>&nbsp;<\/p>\n<h2>Edito 2020<\/h2>\n<p>&nbsp;<\/p>\n<p>Ce sera avec beaucoup de fiert\u00e9 et d\u2019\u00e9motion que nous vous accueillerons au Creusot pour cette nouvelle journ\u00e9e d\u2019Automne.<br \/> En effet ayant \u00ab\u00a0grandi\u00a0\u00bb au sein de cette belle structure de diab\u00e9tologie du Creusot dirig\u00e9e par le Dr Clavel, je connais toute la valeur du travail d\u2019\u00e9quipe, de la multidisciplinarit\u00e9 qui font notre richesse dans le domaine de la diab\u00e9tologie et qui tous les jours permettent une meilleure prise en charge de nos patients afin d\u2019obtenir un bon \u00ab\u00a0\u00e9quilibre\u00a0\u00bb\u00a0;<br \/> C\u2019est le th\u00e8me choisi par notre Conseil Scientifique\u00a0pour l\u2019\u00e9dition 2020 de la Journ\u00e9e d\u2019Automne\u00a0:<br \/> \u00ab\u00a0Le diab\u00e8te, un subtil \u00e9quilibre\u00a0\u00bb.<br \/> Equilibre bien boulevers\u00e9 \u00e0 tous les niveaux derni\u00e8rement avec cette crise sanitaire.<br \/> Nous \u00e9changerons sur ce th\u00e8me et toutes les difficult\u00e9s rencontr\u00e9es, mais \u00e9galement sur toutes les ressources trouv\u00e9es pour poursuivre notre mission \u00e9ducative aupr\u00e8s de nos patients.<br \/> Nous ferons un point sur les r\u00e9formes administratives\u00a0: comment garder l\u2019\u00e9quilibre d\u2019une structure\u00a0?<br \/> Tout en passant par l\u2019\u00e9quilibre alimentaire et dire stop aux r\u00e9gimes, un th\u00e9me sur la podologie sera bien s\u00fbr abord\u00e9\u00a0!&#8230;<br \/> A tr\u00e8s bient\u00f4t pour plus de pr\u00e9cisions sur le programme<br \/> C\u2019est donc avec beaucoup de plaisir que nous vous attendons afin de nous retrouver, \u00e9changer et partager sur ce\u00a0\u00ab\u00a0subtil \u00e9quilibre\u00a0\u00bb que nous vivons au quotidien\u00a0.<\/p>\n<p>&nbsp;<\/p>\n<p>Annie Vannier<br \/> Pr\u00e9sidente SFD Param\u00e9dical<\/p>\n<p>&nbsp;<\/p>\n<p>Ivano Mantovani<br \/> Pr\u00e9sident Sortant SFD Param\u00e9dical<\/p>\n<p>&nbsp;<\/p>\n<hr \/>\n<p>&nbsp;<\/p>\n<h2>Comit\u00e9s 2020<\/h2>\n<p>&nbsp;<\/p>\n<p><span class=\"redtitre\">Comit\u00e9 d\u2019Organisation : <\/span><br \/> Pr\u00e9sidente : Annie Vannier<br \/> Vice-Pr\u00e9sidente : Agn\u00e8s Desserprix<br \/> Karine Barre<br \/> Sophie Brunot<br \/> H\u00e9l\u00e8ne Dal Gobbo<br \/> Dominique Daubert<br \/> Justine Gr\u00e9goire<\/p>\n<p>&nbsp;<\/p>\n<p><span class=\"redtitre\">Conseil scientifique <\/span><br \/> Pr\u00e9sidente : Chantal Godefroid<br \/> Vice pr\u00e9sidente : Fanny Chanat<br \/> Fran\u00e7oise Arbones<br \/> Claire Calvez<br \/> B\u00e9n\u00e9dicte Kakou<br \/> Madeleine Manga<br \/> Liliane Simon<br \/> Catherine Tissot<\/p>\n<p>&nbsp;<\/p>\n<p>[\/et_pb_text][\/et_pb_column][\/et_pb_row][et_pb_row admin_label=\u00a0\u00bbLigne\u00a0\u00bb _builder_version=\u00a0\u00bb3.25&Prime; background_size=\u00a0\u00bbinitial\u00a0\u00bb background_position=\u00a0\u00bbtop_left\u00a0\u00bb background_repeat=\u00a0\u00bbrepeat\u00a0\u00bb custom_padding=\u00a0\u00bb27px|0px|27px|0px|false|false\u00a0\u00bb][et_pb_column type=\u00a0\u00bb4_4&Prime; _builder_version=\u00a0\u00bb3.25&Prime; custom_padding=\u00a0\u00bb|||\u00a0\u00bb custom_padding__hover=\u00a0\u00bb|||\u00a0\u00bb][et_pb_text _builder_version=\u00a0\u00bb4.9.2&Prime; _module_preset=\u00a0\u00bbdefault\u00a0\u00bb]<\/p>\n<h1>Web conference<\/h1>\n<p><img loading=\"lazy\" decoding=\"async\" src=\"http:\/\/ja.sfdiabete.org\/wp-content\/uploads\/2020\/10\/webconference.png\" width=\"296\" height=\"253\" alt=\"\" class=\"wp-image-1714 alignnone size-full\" srcset=\"http:\/\/ja.sfdiabete.org\/wp-content\/uploads\/2020\/10\/webconference.png 700w, http:\/\/ja.sfdiabete.org\/wp-content\/uploads\/2020\/10\/webconference-300x257.png 300w\" sizes=\"auto, (max-width: 296px) 100vw, 296px\" \/><\/p>\n<p>[\/et_pb_text][et_pb_text admin_label=\u00a0\u00bbprogramme\u00a0\u00bb _builder_version=\u00a0\u00bb3.27.4&Prime; background_size=\u00a0\u00bbinitial\u00a0\u00bb background_position=\u00a0\u00bbtop_left\u00a0\u00bb background_repeat=\u00a0\u00bbrepeat\u00a0\u00bb use_border_color=\u00a0\u00bboff\u00a0\u00bb border_color=\u00a0\u00bb#ffffff\u00a0\u00bb border_style=\u00a0\u00bbsolid\u00a0\u00bb]<\/p>\n<h2>Programme du 20 novembre 2020<\/h2>\n<hr \/>\n<h4>MATIN\u00c9E &#8211; 08H45 &#8211; 12H30<\/h4>\n<hr \/>\n<p><strong>08h45- Ouverture &#8211;\u00a0Annie Vannier, Pr\u00e9sidente SFD Param\u00e9dical<\/strong><strong><br \/> <\/strong><em>Mod\u00e9rateurs : Claire Calvez, Fran\u00e7oise Arbones<\/em><\/p>\n<p><strong><em><\/em><\/strong><strong>9h00 \u2013<\/strong> De nouveaux horizons face aux r\u00e9formes administratives &#8211;\u00a0<em>Dr Pierre Serusclat\u00a0(V\u00e9nissieux)<\/em><\/p>\n<p><strong>9h30 \u2013 <\/strong>Equilibre d\u2019un jeune avec un diab\u00e8te \u2013 <em>Dr Ga\u00eblle Vermillac (Paris)<\/em><\/p>\n<p><strong>10h00<\/strong> &#8211;\u00a0HbA1C aujourd\u2019hui\u00a0: Int\u00e9r\u00eats et limites\u00a0face aux nouveaux indicateurs du diab\u00e8te &#8211; <em>Dr Eric Renard\u00a0\u00a0(Montpellier)<\/em><\/p>\n<p><strong>10h30 \u2013<\/strong> Prix \u00ab Initiativ&rsquo;diab\u00e8te \u00bb\u00a0Lifescan<em>\u00a0<\/em><br \/> Coup de c\u0153ur Param\u00e9dical\u00a0\u00a0<i style=\"font-size: 14px;\"><br \/> <\/i><strong><\/strong><\/p>\n<p><strong>10h45 &#8211; Pause<\/strong><br \/> <em>Mod\u00e9rateurs : Claire Calvez, Fanny Chanat<\/em><\/p>\n<p><strong>11h15 \u2013\u00a0<\/strong> Stop aux r\u00e9gimes &#8211; <em> Virginie Lafaille (Paris)<\/em><\/p>\n<p><strong>11h45 \u2013\u00a0<\/strong>L\u2019animal de compagnie comme ressource dans l\u2019\u00e9quilibre glyc\u00e9mique &#8211; <em>Janelle Drouin (Dijon)<\/em><\/p>\n<p><strong>12h15 \u2013 <\/strong><span style=\"font-size: 14px;\">La Vie de l\u2019association &#8211;\u00a0<em> Annie Vannier (Le Creusot)<\/em><\/span><\/p>\n<p><strong>12h30 &#8211; 13h45<\/strong>\u00a0: Pause d\u00e9jeuner<\/p>\n<hr \/>\n<h4>APR\u00c8S-MIDI : 14H00 &#8211; 16H30<\/h4>\n<hr \/>\n<p><em>Mod\u00e9rateurs : Marie-Louise Grumbach, Dominique Daubert, Catherine Tissot<br \/> <\/em><strong>14h00 \u2013\u00a0<\/strong><span style=\"font-size: 14px;\">Diab\u00e8te et Ramadan: directives pratiques \u2013 <em>Dr Nizar Albache (Le Creusot)<br \/> <\/em><\/span><em><\/em><strong><br \/> 14h30\u00a0<\/strong><br \/> <strong>&#8211;\u00a0<\/strong>Freins \u00e0 l\u2019\u00e9quilibre, apportons les solutions<br \/> <span style=\"font-size: 14px;\">&#8211; Quelles chaussures de sport ? \u2013 <em> Christophe Blanc (Paris)<\/em><br \/> <\/span><span style=\"font-size: 14px;\">Rester en mouvement malgr\u00e9 mes douleurs articulaires \u2013 <em>Marc Raguin (Villeneuve Tolosane)<\/em><br \/> <\/span><span style=\"font-size: 14px;\">Image corporelle alt\u00e9r\u00e9e et conseil en relooking \u2013 <em>Elsa Combes (Villefranche sur Sa\u00f4ne)<\/em><\/span><\/p>\n<p><em>Mod\u00e9rateurs : Agn\u00e8s Desserprix, Annie Vannier<br \/> <\/em><strong style=\"font-size: 14px;\">15h45<\/strong><span style=\"font-size: 14px;\"> <\/span><strong style=\"font-size: 14px;\"> \u2013\u00a0<\/strong><span style=\"font-size: 14px;\"> Soignants et COVID: vie priv\u00e9e \/ vie professionnelle<\/span><\/p>\n<p><span style=\"font-size: 14px;\"><em>&#8211; St\u00e9phanie Tracol, Karine Sangiorgio (Le Creusot)<\/em><br \/> <em> &#8211; Claire Calvez, Madeleine Manga (Paris)<\/em><\/span><\/p>\n<p><strong>16h30\u00a0<\/strong><strong>\u2013\u00a0<\/strong> L&rsquo;impact psychologique du confinement sur le diab\u00e8te &#8211; Pascal Pinkele (Nancy)<\/p>\n<hr \/>\n<h5>17h00 : Cl\u00f4ture Journ\u00e9e d\u2019Automne 2020<\/h5>\n<p>[\/et_pb_text][\/et_pb_column][\/et_pb_row][\/et_pb_section][et_pb_section fb_built=\u00a0\u00bb1&Prime; custom_padding_last_edited=\u00a0\u00bbon|desktop\u00a0\u00bb admin_label=\u00a0\u00bbsection\u00a0\u00bb _builder_version=\u00a0\u00bb3.22&Prime; use_background_color_gradient=\u00a0\u00bbon\u00a0\u00bb background_color_gradient_start=\u00a0\u00bb#e02b20&Prime; background_color_gradient_end=\u00a0\u00bb#f79533&Prime; background_color_gradient_direction=\u00a0\u00bb233deg\u00a0\u00bb background_color_gradient_start_position=\u00a0\u00bb20%\u00a0\u00bb custom_padding=\u00a0\u00bb9px|0px|0|0px|false|false\u00a0\u00bb custom_padding_tablet=\u00a0\u00bb50px|0|50px|0&Prime; custom_padding_phone=\u00a0\u00bb\u00a0\u00bb transparent_background=\u00a0\u00bboff\u00a0\u00bb][et_pb_row padding_mobile=\u00a0\u00bboff\u00a0\u00bb column_padding_mobile=\u00a0\u00bbon\u00a0\u00bb admin_label=\u00a0\u00bbLigne\u00a0\u00bb _builder_version=\u00a0\u00bb3.25&Prime; background_size=\u00a0\u00bbinitial\u00a0\u00bb background_position=\u00a0\u00bbtop_left\u00a0\u00bb background_repeat=\u00a0\u00bbrepeat\u00a0\u00bb][et_pb_column type=\u00a0\u00bb4_4&Prime; _builder_version=\u00a0\u00bb3.25&Prime; custom_padding=\u00a0\u00bb|||\u00a0\u00bb custom_padding__hover=\u00a0\u00bb|||\u00a0\u00bb][et_pb_text admin_label=\u00a0\u00bbpartenaires\u00a0\u00bb _builder_version=\u00a0\u00bb4.9.2&Prime; header_font=\u00a0\u00bb||||||||\u00a0\u00bb header_text_color=\u00a0\u00bb#ffffff\u00a0\u00bb header_font_size=\u00a0\u00bb48px\u00a0\u00bb header_2_font=\u00a0\u00bb||||||||\u00a0\u00bb header_2_text_align=\u00a0\u00bbcenter\u00a0\u00bb header_2_text_color=\u00a0\u00bb#ffffff\u00a0\u00bb header_2_font_size=\u00a0\u00bb33px\u00a0\u00bb]<\/p>\n<h2>PARTENAIRES 2020<\/h2>\n<p>[\/et_pb_text][\/et_pb_column][\/et_pb_row][\/et_pb_section][et_pb_section fb_built=\u00a0\u00bb1&Prime; custom_padding_last_edited=\u00a0\u00bbon|desktop\u00a0\u00bb admin_label=\u00a0\u00bbSection\u00a0\u00bb _builder_version=\u00a0\u00bb3.22&Prime; custom_padding_tablet=\u00a0\u00bb50px|0|50px|0&Prime; custom_padding_phone=\u00a0\u00bb\u00a0\u00bb transparent_background=\u00a0\u00bboff\u00a0\u00bb padding_mobile=\u00a0\u00bboff\u00a0\u00bb][et_pb_row column_padding_mobile=\u00a0\u00bbon\u00a0\u00bb admin_label=\u00a0\u00bbLigne\u00a0\u00bb _builder_version=\u00a0\u00bb3.25&Prime; background_size=\u00a0\u00bbinitial\u00a0\u00bb background_position=\u00a0\u00bbtop_left\u00a0\u00bb background_repeat=\u00a0\u00bbrepeat\u00a0\u00bb custom_padding=\u00a0\u00bb25.6719px|0px|20px|0px|false|false\u00a0\u00bb][et_pb_column type=\u00a0\u00bb4_4&Prime; _builder_version=\u00a0\u00bb3.25&Prime; custom_padding=\u00a0\u00bb|||\u00a0\u00bb custom_padding__hover=\u00a0\u00bb|||\u00a0\u00bb][et_pb_gallery gallery_ids=\u00a0\u00bb1507,1491,723,1010,945,1709,725,1744,1746,1747,1750&Prime; posts_number=\u00a0\u00bb30&Prime; orientation=\u00a0\u00bbportrait\u00a0\u00bb show_title_and_caption=\u00a0\u00bboff\u00a0\u00bb show_pagination=\u00a0\u00bboff\u00a0\u00bb admin_label=\u00a0\u00bbGalerie\u00a0\u00bb _builder_version=\u00a0\u00bb4.9.2&Prime; use_border_color=\u00a0\u00bboff\u00a0\u00bb border_color=\u00a0\u00bb#ffffff\u00a0\u00bb border_style=\u00a0\u00bbsolid\u00a0\u00bb]<\/p>\n<p>\u00a0<\/p>\n<p>[\/et_pb_gallery][\/et_pb_column][\/et_pb_row][et_pb_row _builder_version=\u00a0\u00bb3.25&Prime;][et_pb_column type=\u00a0\u00bb4_4&Prime; _builder_version=\u00a0\u00bb3.25&Prime; custom_padding=\u00a0\u00bb|||\u00a0\u00bb custom_padding__hover=\u00a0\u00bb|||\u00a0\u00bb][et_pb_divider _builder_version=\u00a0\u00bb3.19.18&Prime;][\/et_pb_divider][\/et_pb_column][\/et_pb_row][et_pb_row column_padding_mobile=\u00a0\u00bbon\u00a0\u00bb admin_label=\u00a0\u00bbLigne\u00a0\u00bb _builder_version=\u00a0\u00bb3.25&Prime; background_size=\u00a0\u00bbinitial\u00a0\u00bb background_position=\u00a0\u00bbtop_left\u00a0\u00bb background_repeat=\u00a0\u00bbrepeat\u00a0\u00bb custom_padding=\u00a0\u00bb25.6719px|0px|20px|0px|false|false\u00a0\u00bb][et_pb_column type=\u00a0\u00bb4_4&Prime; _builder_version=\u00a0\u00bb3.25&Prime; custom_padding=\u00a0\u00bb|||\u00a0\u00bb custom_padding__hover=\u00a0\u00bb|||\u00a0\u00bb][et_pb_gallery gallery_ids=\u00a0\u00bb1735,1736,1737,1738,1739&Prime; posts_number=\u00a0\u00bb30&Prime; show_title_and_caption=\u00a0\u00bboff\u00a0\u00bb show_pagination=\u00a0\u00bboff\u00a0\u00bb admin_label=\u00a0\u00bbGalerie\u00a0\u00bb _builder_version=\u00a0\u00bb4.9.2&Prime; use_border_color=\u00a0\u00bboff\u00a0\u00bb border_color=\u00a0\u00bb#ffffff\u00a0\u00bb border_style=\u00a0\u00bbsolid\u00a0\u00bb]<\/p>\n<p>\u00a0<\/p>\n<p>[\/et_pb_gallery][\/et_pb_column][\/et_pb_row][\/et_pb_section]<\/p>\n","protected":false},"excerpt":{"rendered":"<p>[et_pb_section fb_built=\u00a0\u00bb1&Prime; custom_padding_last_edited=\u00a0\u00bbon|desktop\u00a0\u00bb admin_label=\u00a0\u00bbsection\u00a0\u00bb _builder_version=\u00a0\u00bb3.22&Prime; use_background_color_gradient=\u00a0\u00bbon\u00a0\u00bb background_color_gradient_start=\u00a0\u00bb#e02b20&Prime; background_color_gradient_end=\u00a0\u00bb#f79533&Prime; background_color_gradient_direction=\u00a0\u00bb233deg\u00a0\u00bb background_color_gradient_start_position=\u00a0\u00bb20%\u00a0\u00bb custom_padding=\u00a0\u00bb9px|0px|0|0px|false|false\u00a0\u00bb custom_padding_tablet=\u00a0\u00bb50px|0|50px|0&Prime; custom_padding_phone=\u00a0\u00bb\u00a0\u00bb transparent_background=\u00a0\u00bboff\u00a0\u00bb][et_pb_row column_padding_mobile=\u00a0\u00bbon\u00a0\u00bb admin_label=\u00a0\u00bbLigne\u00a0\u00bb _builder_version=\u00a0\u00bb3.25&Prime; background_size=\u00a0\u00bbinitial\u00a0\u00bb background_position=\u00a0\u00bbtop_left\u00a0\u00bb background_repeat=\u00a0\u00bbrepeat\u00a0\u00bb custom_padding=\u00a0\u00bb24.1719px|0px|12px|0px|false|false\u00a0\u00bb][et_pb_column type=\u00a0\u00bb4_4&Prime; _builder_version=\u00a0\u00bb3.25&Prime; custom_padding=\u00a0\u00bb|||\u00a0\u00bb custom_padding__hover=\u00a0\u00bb|||\u00a0\u00bb][et_pb_text _builder_version=\u00a0\u00bb4.9.2&Prime; header_font=\u00a0\u00bb||||||||\u00a0\u00bb header_text_color=\u00a0\u00bb#ffffff\u00a0\u00bb header_font_size=\u00a0\u00bb48px\u00a0\u00bb header_2_font=\u00a0\u00bb||||||||\u00a0\u00bb header_2_text_align=\u00a0\u00bbcenter\u00a0\u00bb header_2_text_color=\u00a0\u00bb#ffffff\u00a0\u00bb header_2_font_size=\u00a0\u00bb33px\u00a0\u00bb] EDITION 2020 [\/et_pb_text][\/et_pb_column][\/et_pb_row][\/et_pb_section][et_pb_section fb_built=\u00a0\u00bb1&Prime; admin_label=\u00a0\u00bbsection\u00a0\u00bb _builder_version=\u00a0\u00bb3.22&Prime;][et_pb_row admin_label=\u00a0\u00bbrow\u00a0\u00bb _builder_version=\u00a0\u00bb3.25&Prime; background_size=\u00a0\u00bbinitial\u00a0\u00bb background_position=\u00a0\u00bbtop_left\u00a0\u00bb background_repeat=\u00a0\u00bbrepeat\u00a0\u00bb custom_padding=\u00a0\u00bb0|0px|24.1719px|0px|false|false\u00a0\u00bb][et_pb_column type=\u00a0\u00bb4_4&Prime; _builder_version=\u00a0\u00bb3.25&Prime; custom_padding=\u00a0\u00bb|||\u00a0\u00bb custom_padding__hover=\u00a0\u00bb|||\u00a0\u00bb][et_pb_text admin_label=\u00a0\u00bbedito\u00a0\u00bb _builder_version=\u00a0\u00bb4.9.2&Prime; background_size=\u00a0\u00bbinitial\u00a0\u00bb background_position=\u00a0\u00bbtop_left\u00a0\u00bb background_repeat=\u00a0\u00bbrepeat\u00a0\u00bb hover_enabled=\u00a0\u00bb0&Prime; [&hellip;]<\/p>\n","protected":false},"author":2,"featured_media":0,"parent":0,"menu_order":0,"comment_status":"closed","ping_status":"closed","template":"","meta":{"_et_pb_use_builder":"on","_et_pb_old_content":"","_et_gb_content_width":"","footnotes":""},"class_list":["post-1767","page","type-page","status-publish","hentry"],"_links":{"self":[{"href":"http:\/\/ja.sfdiabete.org\/index.php\/wp-json\/wp\/v2\/pages\/1767","targetHints":{"allow":["GET"]}}],"collection":[{"href":"http:\/\/ja.sfdiabete.org\/index.php\/wp-json\/wp\/v2\/pages"}],"about":[{"href":"http:\/\/ja.sfdiabete.org\/index.php\/wp-json\/wp\/v2\/types\/page"}],"author":[{"embeddable":true,"href":"http:\/\/ja.sfdiabete.org\/index.php\/wp-json\/wp\/v2\/users\/2"}],"replies":[{"embeddable":true,"href":"http:\/\/ja.sfdiabete.org\/index.php\/wp-json\/wp\/v2\/comments?post=1767"}],"version-history":[{"count":10,"href":"http:\/\/ja.sfdiabete.org\/index.php\/wp-json\/wp\/v2\/pages\/1767\/revisions"}],"predecessor-version":[{"id":1817,"href":"http:\/\/ja.sfdiabete.org\/index.php\/wp-json\/wp\/v2\/pages\/1767\/revisions\/1817"}],"wp:attachment":[{"href":"http:\/\/ja.sfdiabete.org\/index.php\/wp-json\/wp\/v2\/media?parent=1767"}],"curies":[{"name":"wp","href":"https:\/\/api.w.org\/{rel}","templated":true}]}}